{"id":144,"date":"2022-10-14T18:54:21","date_gmt":"2022-10-14T22:54:21","guid":{"rendered":"https:\/\/academy.emovi.ca\/account\/"},"modified":"2023-02-14T13:56:37","modified_gmt":"2023-02-14T18:56:37","slug":"mon-compte","status":"publish","type":"page","link":"https:\/\/academy.emovi.ca\/fr\/mon-compte\/","title":{"rendered":"Mon compte"},"content":{"rendered":"<div class=\"mp_wrapper\">\n  <div class=\"mepr-unauthorized-message\">\n    <h5><strong>D\u00e9sol\u00e9\u00a0! Cette page n'est visible que par nos utilisateurs <\/strong><i><strong>KneeKG.<\/strong><\/i><\/h5> Veuillez vous connecter si vous avez d\u00e9j\u00e0 un compte ou contactez-nous \u00e0 <a href=\"mailto:info@emovi.ca\" target=\"_blank\" rel=\"noopener noreferrer\">info@emovi.ca<\/a> si vous souhaitez en savoir plus sur le syst\u00e8me KneeKG et devenir partenaire.  <\/div>\n  <div class=\"mepr-login-form-wrap\">\n            \n<div class=\"mp_wrapper mp_login_form\">\n                  <!-- mp-login-form-start -->     <form name=\"mepr_loginform\" id=\"mepr_loginform\" class=\"mepr-form\" action=\"https:\/\/academy.emovi.ca\/login\/\" method=\"post\">\n            <div class=\"mp-form-row mepr_username\">\n        <div class=\"mp-form-label\">\n                              <label for=\"user_login\">Nom d&#039;utilisateur<\/label>\n        <\/div>\n        <input type=\"text\" name=\"log\" id=\"user_login\" value=\"\" \/>\n      <\/div>\n      <div class=\"mp-form-row mepr_password\">\n        <div class=\"mp-form-label\">\n          <label for=\"user_pass\">Mot de passe<\/label>\n          <div class=\"mp-hide-pw\">\n            <input type=\"password\" name=\"pwd\" id=\"user_pass\" value=\"\" \/>\n            <button type=\"button\" class=\"button mp-hide-pw hide-if-no-js\" data-toggle=\"0\" aria-label=\"Montrer le mot de passe\">\n              <span class=\"dashicons dashicons-visibility\" aria-hidden=\"true\"><\/span>\n            <\/button>\n          <\/div>\n        <\/div>\n      <\/div>\n            <div>\n        <label><input name=\"rememberme\" type=\"checkbox\" id=\"rememberme\" value=\"forever\" \/> Se souvenir de moi<\/label>\n      <\/div>\n      <div class=\"mp-spacer\">&nbsp;<\/div>\n      <div class=\"submit\">\n        <input type=\"submit\" name=\"wp-submit\" id=\"wp-submit\" class=\"button-primary mepr-share-button \" value=\"Se connecter\" \/>\n        <input type=\"hidden\" name=\"redirect_to\" value=\"\/fr\/wp-json\/wp\/v2\/pages\/144\" \/>\n        <input type=\"hidden\" name=\"mepr_process_login_form\" value=\"true\" \/>\n        <input type=\"hidden\" name=\"mepr_is_login_page\" value=\"false\" \/>\n      <\/div>\n    <\/form>\n    <div class=\"mp-spacer\">&nbsp;<\/div>\n    <div class=\"mepr-login-actions\">\n        <a\n          href=\"https:\/\/academy.emovi.ca\/login\/?action=forgot_password\"\n          title=\"Click here to reset your password\"\n        >\n          Mot de passe oubli\u00e9        <\/a>\n    <\/div>\n\n      \n    <!-- mp-login-form-end --> \n  <\/div>\n      <\/div>\n<\/div>\n\n","protected":false},"excerpt":{"rendered":"","protected":false},"author":1,"featured_media":0,"parent":0,"menu_order":0,"comment_status":"closed","ping_status":"closed","template":"","meta":{"footnotes":""},"class_list":["post-144","page","type-page","status-publish","hentry"],"yoast_head":"<!-- This site is optimized with the Yoast SEO plugin v26.5 - https:\/\/yoast.com\/wordpress\/plugins\/seo\/ -->\n<title>Mon compte - Academy Emovi<\/title>\n<meta name=\"robots\" content=\"noindex, nofollow\" \/>\n<meta property=\"og:locale\" content=\"fr_FR\" \/>\n<meta property=\"og:type\" content=\"article\" \/>\n<meta property=\"og:title\" content=\"Mon compte - Academy Emovi\" \/>\n<meta property=\"og:url\" content=\"https:\/\/academy.emovi.ca\/fr\/mon-compte\/\" \/>\n<meta property=\"og:site_name\" content=\"Academy Emovi\" \/>\n<meta property=\"article:modified_time\" content=\"2023-02-14T18:56:37+00:00\" \/>\n<meta name=\"twitter:card\" content=\"summary_large_image\" \/>\n<meta name=\"twitter:label1\" content=\"Dur\u00e9e de lecture estim\u00e9e\" \/>\n\t<meta name=\"twitter:data1\" content=\"3 minutes\" \/>\n<script type=\"application\/ld+json\" class=\"yoast-schema-graph\">{\"@context\":\"https:\/\/schema.org\",\"@graph\":[{\"@type\":\"WebPage\",\"@id\":\"https:\/\/academy.emovi.ca\/fr\/mon-compte\/\",\"url\":\"https:\/\/academy.emovi.ca\/fr\/mon-compte\/\",\"name\":\"Mon compte - Academy Emovi\",\"isPartOf\":{\"@id\":\"https:\/\/academy.emovi.ca\/#website\"},\"datePublished\":\"2022-10-14T22:54:21+00:00\",\"dateModified\":\"2023-02-14T18:56:37+00:00\",\"breadcrumb\":{\"@id\":\"https:\/\/academy.emovi.ca\/fr\/mon-compte\/#breadcrumb\"},\"inLanguage\":\"fr-FR\",\"potentialAction\":[{\"@type\":\"ReadAction\",\"target\":[\"https:\/\/academy.emovi.ca\/fr\/mon-compte\/\"]}]},{\"@type\":\"BreadcrumbList\",\"@id\":\"https:\/\/academy.emovi.ca\/fr\/mon-compte\/#breadcrumb\",\"itemListElement\":[{\"@type\":\"ListItem\",\"position\":1,\"name\":\"Home\",\"item\":\"https:\/\/academy.emovi.ca\/fr\/\"},{\"@type\":\"ListItem\",\"position\":2,\"name\":\"Mon compte\"}]},{\"@type\":\"WebSite\",\"@id\":\"https:\/\/academy.emovi.ca\/#website\",\"url\":\"https:\/\/academy.emovi.ca\/\",\"name\":\"Academy Emovi\",\"description\":\"Emovi is Proud to Offer an Online Educational Program\",\"potentialAction\":[{\"@type\":\"SearchAction\",\"target\":{\"@type\":\"EntryPoint\",\"urlTemplate\":\"https:\/\/academy.emovi.ca\/?s={search_term_string}\"},\"query-input\":{\"@type\":\"PropertyValueSpecification\",\"valueRequired\":true,\"valueName\":\"search_term_string\"}}],\"inLanguage\":\"fr-FR\"}]}<\/script>\n<!-- \/ Yoast SEO plugin. -->","yoast_head_json":{"title":"Mon compte - Academy Emovi","robots":{"index":"noindex","follow":"nofollow"},"og_locale":"fr_FR","og_type":"article","og_title":"Mon compte - Academy Emovi","og_url":"https:\/\/academy.emovi.ca\/fr\/mon-compte\/","og_site_name":"Academy Emovi","article_modified_time":"2023-02-14T18:56:37+00:00","twitter_card":"summary_large_image","twitter_misc":{"Dur\u00e9e de lecture estim\u00e9e":"3 minutes"},"schema":{"@context":"https:\/\/schema.org","@graph":[{"@type":"WebPage","@id":"https:\/\/academy.emovi.ca\/fr\/mon-compte\/","url":"https:\/\/academy.emovi.ca\/fr\/mon-compte\/","name":"Mon compte - Academy Emovi","isPartOf":{"@id":"https:\/\/academy.emovi.ca\/#website"},"datePublished":"2022-10-14T22:54:21+00:00","dateModified":"2023-02-14T18:56:37+00:00","breadcrumb":{"@id":"https:\/\/academy.emovi.ca\/fr\/mon-compte\/#breadcrumb"},"inLanguage":"fr-FR","potentialAction":[{"@type":"ReadAction","target":["https:\/\/academy.emovi.ca\/fr\/mon-compte\/"]}]},{"@type":"BreadcrumbList","@id":"https:\/\/academy.emovi.ca\/fr\/mon-compte\/#breadcrumb","itemListElement":[{"@type":"ListItem","position":1,"name":"Home","item":"https:\/\/academy.emovi.ca\/fr\/"},{"@type":"ListItem","position":2,"name":"Mon compte"}]},{"@type":"WebSite","@id":"https:\/\/academy.emovi.ca\/#website","url":"https:\/\/academy.emovi.ca\/","name":"Academy Emovi","description":"Emovi is Proud to Offer an Online Educational Program","potentialAction":[{"@type":"SearchAction","target":{"@type":"EntryPoint","urlTemplate":"https:\/\/academy.emovi.ca\/?s={search_term_string}"},"query-input":{"@type":"PropertyValueSpecification","valueRequired":true,"valueName":"search_term_string"}}],"inLanguage":"fr-FR"}]}},"_links":{"self":[{"href":"https:\/\/academy.emovi.ca\/fr\/wp-json\/wp\/v2\/pages\/144","targetHints":{"allow":["GET"]}}],"collection":[{"href":"https:\/\/academy.emovi.ca\/fr\/wp-json\/wp\/v2\/pages"}],"about":[{"href":"https:\/\/academy.emovi.ca\/fr\/wp-json\/wp\/v2\/types\/page"}],"author":[{"embeddable":true,"href":"https:\/\/academy.emovi.ca\/fr\/wp-json\/wp\/v2\/users\/1"}],"replies":[{"embeddable":true,"href":"https:\/\/academy.emovi.ca\/fr\/wp-json\/wp\/v2\/comments?post=144"}],"version-history":[{"count":4,"href":"https:\/\/academy.emovi.ca\/fr\/wp-json\/wp\/v2\/pages\/144\/revisions"}],"predecessor-version":[{"id":919,"href":"https:\/\/academy.emovi.ca\/fr\/wp-json\/wp\/v2\/pages\/144\/revisions\/919"}],"wp:attachment":[{"href":"https:\/\/academy.emovi.ca\/fr\/wp-json\/wp\/v2\/media?parent=144"}],"curies":[{"name":"wp","href":"https:\/\/api.w.org\/{rel}","templated":true}]}}