{"id":881,"date":"2022-11-08T15:26:08","date_gmt":"2022-11-08T20:26:08","guid":{"rendered":"https:\/\/academy.emovi.ca\/team\/"},"modified":"2025-02-18T10:28:47","modified_gmt":"2025-02-18T15:28:47","slug":"team","status":"publish","type":"page","link":"https:\/\/academy.emovi.ca\/fr\/team\/","title":{"rendered":"\u00c9quipe"},"content":{"rendered":"","protected":false},"excerpt":{"rendered":"","protected":false},"author":10,"featured_media":329,"parent":0,"menu_order":0,"comment_status":"closed","ping_status":"closed","template":"","meta":{"footnotes":""},"class_list":["post-881","page","type-page","status-publish","has-post-thumbnail","hentry"],"yoast_head":"<!-- This site is optimized with the Yoast SEO plugin v26.5 - https:\/\/yoast.com\/wordpress\/plugins\/seo\/ -->\n<title>\u00c9quipe - Acad\u00e9mie Emovi<\/title>\n<meta name=\"description\" content=\"Nous vous invitons \u00e0 contacter directement le sp\u00e9cialiste qui fait votre formation\" \/>\n<meta name=\"robots\" content=\"noindex, follow, max-snippet:-1, max-image-preview:large, max-video-preview:-1\" \/>\n<meta property=\"og:locale\" content=\"fr_FR\" \/>\n<meta property=\"og:type\" content=\"article\" \/>\n<meta property=\"og:title\" content=\"\u00c9quipe - Acad\u00e9mie Emovi\" \/>\n<meta property=\"og:description\" content=\"Nous vous invitons \u00e0 contacter directement le sp\u00e9cialiste qui fait votre formation\" \/>\n<meta property=\"og:url\" content=\"https:\/\/academy.emovi.ca\/fr\/team\/\" \/>\n<meta property=\"og:site_name\" content=\"Academy Emovi\" \/>\n<meta property=\"article:modified_time\" content=\"2025-02-18T15:28:47+00:00\" \/>\n<meta property=\"og:image\" content=\"https:\/\/academy.emovi.ca\/wp-content\/uploads\/2022\/11\/cropped-Emovi-Academy-favicon-1.png\" \/>\n\t<meta property=\"og:image:width\" content=\"512\" \/>\n\t<meta property=\"og:image:height\" content=\"512\" \/>\n\t<meta property=\"og:image:type\" content=\"image\/png\" \/>\n<meta name=\"twitter:card\" content=\"summary_large_image\" \/>\n<meta name=\"twitter:label1\" content=\"Dur\u00e9e de lecture estim\u00e9e\" \/>\n\t<meta name=\"twitter:data1\" content=\"1 minute\" \/>\n<script type=\"application\/ld+json\" class=\"yoast-schema-graph\">{\"@context\":\"https:\/\/schema.org\",\"@graph\":[{\"@type\":\"WebPage\",\"@id\":\"https:\/\/academy.emovi.ca\/fr\/team\/\",\"url\":\"https:\/\/academy.emovi.ca\/fr\/team\/\",\"name\":\"\u00c9quipe - Acad\u00e9mie Emovi\",\"isPartOf\":{\"@id\":\"https:\/\/academy.emovi.ca\/#website\"},\"primaryImageOfPage\":{\"@id\":\"https:\/\/academy.emovi.ca\/fr\/team\/#primaryimage\"},\"image\":{\"@id\":\"https:\/\/academy.emovi.ca\/fr\/team\/#primaryimage\"},\"thumbnailUrl\":\"https:\/\/academy.emovi.ca\/wp-content\/uploads\/2022\/11\/cropped-Emovi-Academy-favicon-1.png\",\"datePublished\":\"2022-11-08T20:26:08+00:00\",\"dateModified\":\"2025-02-18T15:28:47+00:00\",\"description\":\"Nous vous invitons \u00e0 contacter directement le sp\u00e9cialiste qui fait votre formation\",\"breadcrumb\":{\"@id\":\"https:\/\/academy.emovi.ca\/fr\/team\/#breadcrumb\"},\"inLanguage\":\"fr-FR\",\"potentialAction\":[{\"@type\":\"ReadAction\",\"target\":[\"https:\/\/academy.emovi.ca\/fr\/team\/\"]}]},{\"@type\":\"ImageObject\",\"inLanguage\":\"fr-FR\",\"@id\":\"https:\/\/academy.emovi.ca\/fr\/team\/#primaryimage\",\"url\":\"https:\/\/academy.emovi.ca\/wp-content\/uploads\/2022\/11\/cropped-Emovi-Academy-favicon-1.png\",\"contentUrl\":\"https:\/\/academy.emovi.ca\/wp-content\/uploads\/2022\/11\/cropped-Emovi-Academy-favicon-1.png\",\"width\":512,\"height\":512},{\"@type\":\"BreadcrumbList\",\"@id\":\"https:\/\/academy.emovi.ca\/fr\/team\/#breadcrumb\",\"itemListElement\":[{\"@type\":\"ListItem\",\"position\":1,\"name\":\"Home\",\"item\":\"https:\/\/academy.emovi.ca\/fr\/\"},{\"@type\":\"ListItem\",\"position\":2,\"name\":\"\u00c9quipe\"}]},{\"@type\":\"WebSite\",\"@id\":\"https:\/\/academy.emovi.ca\/#website\",\"url\":\"https:\/\/academy.emovi.ca\/\",\"name\":\"Academy Emovi\",\"description\":\"Emovi is Proud to Offer an Online Educational Program\",\"potentialAction\":[{\"@type\":\"SearchAction\",\"target\":{\"@type\":\"EntryPoint\",\"urlTemplate\":\"https:\/\/academy.emovi.ca\/?s={search_term_string}\"},\"query-input\":{\"@type\":\"PropertyValueSpecification\",\"valueRequired\":true,\"valueName\":\"search_term_string\"}}],\"inLanguage\":\"fr-FR\"}]}<\/script>\n<!-- \/ Yoast SEO plugin. -->","yoast_head_json":{"title":"\u00c9quipe - Acad\u00e9mie Emovi","description":"Nous vous invitons \u00e0 contacter directement le sp\u00e9cialiste qui fait votre formation","robots":{"index":"noindex","follow":"follow","max-snippet":"max-snippet:-1","max-image-preview":"max-image-preview:large","max-video-preview":"max-video-preview:-1"},"og_locale":"fr_FR","og_type":"article","og_title":"\u00c9quipe - Acad\u00e9mie Emovi","og_description":"Nous vous invitons \u00e0 contacter directement le sp\u00e9cialiste qui fait votre formation","og_url":"https:\/\/academy.emovi.ca\/fr\/team\/","og_site_name":"Academy Emovi","article_modified_time":"2025-02-18T15:28:47+00:00","og_image":[{"width":512,"height":512,"url":"https:\/\/academy.emovi.ca\/wp-content\/uploads\/2022\/11\/cropped-Emovi-Academy-favicon-1.png","type":"image\/png"}],"twitter_card":"summary_large_image","twitter_misc":{"Dur\u00e9e de lecture estim\u00e9e":"1 minute"},"schema":{"@context":"https:\/\/schema.org","@graph":[{"@type":"WebPage","@id":"https:\/\/academy.emovi.ca\/fr\/team\/","url":"https:\/\/academy.emovi.ca\/fr\/team\/","name":"\u00c9quipe - Acad\u00e9mie Emovi","isPartOf":{"@id":"https:\/\/academy.emovi.ca\/#website"},"primaryImageOfPage":{"@id":"https:\/\/academy.emovi.ca\/fr\/team\/#primaryimage"},"image":{"@id":"https:\/\/academy.emovi.ca\/fr\/team\/#primaryimage"},"thumbnailUrl":"https:\/\/academy.emovi.ca\/wp-content\/uploads\/2022\/11\/cropped-Emovi-Academy-favicon-1.png","datePublished":"2022-11-08T20:26:08+00:00","dateModified":"2025-02-18T15:28:47+00:00","description":"Nous vous invitons \u00e0 contacter directement le sp\u00e9cialiste qui fait votre formation","breadcrumb":{"@id":"https:\/\/academy.emovi.ca\/fr\/team\/#breadcrumb"},"inLanguage":"fr-FR","potentialAction":[{"@type":"ReadAction","target":["https:\/\/academy.emovi.ca\/fr\/team\/"]}]},{"@type":"ImageObject","inLanguage":"fr-FR","@id":"https:\/\/academy.emovi.ca\/fr\/team\/#primaryimage","url":"https:\/\/academy.emovi.ca\/wp-content\/uploads\/2022\/11\/cropped-Emovi-Academy-favicon-1.png","contentUrl":"https:\/\/academy.emovi.ca\/wp-content\/uploads\/2022\/11\/cropped-Emovi-Academy-favicon-1.png","width":512,"height":512},{"@type":"BreadcrumbList","@id":"https:\/\/academy.emovi.ca\/fr\/team\/#breadcrumb","itemListElement":[{"@type":"ListItem","position":1,"name":"Home","item":"https:\/\/academy.emovi.ca\/fr\/"},{"@type":"ListItem","position":2,"name":"\u00c9quipe"}]},{"@type":"WebSite","@id":"https:\/\/academy.emovi.ca\/#website","url":"https:\/\/academy.emovi.ca\/","name":"Academy Emovi","description":"Emovi is Proud to Offer an Online Educational Program","potentialAction":[{"@type":"SearchAction","target":{"@type":"EntryPoint","urlTemplate":"https:\/\/academy.emovi.ca\/?s={search_term_string}"},"query-input":{"@type":"PropertyValueSpecification","valueRequired":true,"valueName":"search_term_string"}}],"inLanguage":"fr-FR"}]}},"_links":{"self":[{"href":"https:\/\/academy.emovi.ca\/fr\/wp-json\/wp\/v2\/pages\/881","targetHints":{"allow":["GET"]}}],"collection":[{"href":"https:\/\/academy.emovi.ca\/fr\/wp-json\/wp\/v2\/pages"}],"about":[{"href":"https:\/\/academy.emovi.ca\/fr\/wp-json\/wp\/v2\/types\/page"}],"author":[{"embeddable":true,"href":"https:\/\/academy.emovi.ca\/fr\/wp-json\/wp\/v2\/users\/10"}],"replies":[{"embeddable":true,"href":"https:\/\/academy.emovi.ca\/fr\/wp-json\/wp\/v2\/comments?post=881"}],"version-history":[{"count":1,"href":"https:\/\/academy.emovi.ca\/fr\/wp-json\/wp\/v2\/pages\/881\/revisions"}],"predecessor-version":[{"id":882,"href":"https:\/\/academy.emovi.ca\/fr\/wp-json\/wp\/v2\/pages\/881\/revisions\/882"}],"wp:featuredmedia":[{"embeddable":true,"href":"https:\/\/academy.emovi.ca\/fr\/wp-json\/wp\/v2\/media\/329"}],"wp:attachment":[{"href":"https:\/\/academy.emovi.ca\/fr\/wp-json\/wp\/v2\/media?parent=881"}],"curies":[{"name":"wp","href":"https:\/\/api.w.org\/{rel}","templated":true}]}}